{"id":173,"date":"2023-05-16T21:48:16","date_gmt":"2023-05-16T21:48:16","guid":{"rendered":"https:\/\/curiquinguetv.com\/?page_id=173"},"modified":"2026-04-01T09:29:26","modified_gmt":"2026-04-01T14:29:26","slug":"entretenimiento","status":"publish","type":"page","link":"https:\/\/curiquinguetv.com\/","title":{"rendered":"Curiquingue noticias al d\u00eda"},"content":{"rendered":"\n<h2 class=\"wp-block-heading\">CuriquingueTV En VIVO \ud83d\udd34<\/h2>\n\n\n\n\t<div class=\"svpPlayer\" data-props='{&quot;data&quot;:{&quot;src&quot;:&quot;https:\\\/\\\/video2.lhdserver.es\\\/pjtv\\\/live.m3u8&quot;,&quot;poster&quot;:&quot;&quot;,&quot;captions&quot;:[]},&quot;options&quot;:{&quot;repeat&quot;:false,&quot;muted&quot;:true,&quot;autoplay&quot;:true,&quot;playsinline&quot;:true},&quot;styles&quot;:{&quot;width&quot;:&quot;100%&quot;}}'><\/div>\r\n\t\r\n\t\n\n\n\n<h1 class=\"wp-block-heading\" id=\":r99:\">UN DI\u00c1LOGO CON LA VERDAD<\/h1>\n\n\n\n<figure class=\"wp-block-embed is-type-video is-provider-youtube wp-block-embed-youtube wp-embed-aspect-16-9 wp-has-aspect-ratio\"><div class=\"wp-block-embed__wrapper\">\n<iframe loading=\"lazy\" title=\"Patricio S\u00e1nchez Empresario\" width=\"640\" height=\"360\" src=\"https:\/\/www.youtube.com\/embed\/QPbEY8Afr0o?feature=oembed\" frameborder=\"0\" allow=\"accelerometer; autoplay; clipboard-write; encrypted-media; gyroscope; picture-in-picture; web-share\" referrerpolicy=\"strict-origin-when-cross-origin\" allowfullscreen><\/iframe>\n<\/div><\/figure>\n\n\n\n<p>#EnVivo<\/p>\n\n\n\n<p>#Opini\u00f3n<\/p>\n\n\n\n<p>UnDi\u00e1logoConLaVerdad<\/p>\n\n\n\n<p>En un #di\u00e1logo con la #verdad tratamos temas de vital #importancia para nuestra ciudad, el pa\u00eds y el mundo.<\/p>\n\n\n\n<p>Hoy, viernes 6 de marzo de 2026, como invitado especial nos acompa\u00f1a: #Patricio S\u00e1nchez Empresario latacungue\u00f1o.<\/p>\n\n\n\n<p>No se lo pierda por #CuriquingueTv en #ATVCABLE #canal83 #Latacunga #Pujil\u00ed #Saquisil\u00ed #CBVisi\u00f3n #canal79 #Salcedo #Ambato #TVPlus #canal48 #LaMan\u00e1 #Valencia #Quevedo<\/p>\n\n\n\n<h3 class=\"wp-block-heading\">CuriquingueTv<\/h3>\n\n\n\n<h3 class=\"wp-block-heading\">UnaNuevaFormaDeHacerTelevisi\u00f3n<\/h3>\n\n\n\n<p>\u00a1Gracias por sintonizarnos!<br>www.curiquinguetv.com<\/p>\n\n\n\n<figure class=\"wp-block-embed is-type-video is-provider-youtube wp-block-embed-youtube wp-embed-aspect-4-3 wp-has-aspect-ratio\"><div class=\"wp-block-embed__wrapper\">\n<iframe loading=\"lazy\" title=\"NOTICIERO MARTES 31 MARZO 2026\" width=\"640\" height=\"360\" src=\"https:\/\/www.youtube.com\/embed\/xosd4Et_5CI?feature=oembed\" frameborder=\"0\" allow=\"accelerometer; autoplay; clipboard-write; encrypted-media; gyroscope; picture-in-picture; web-share\" referrerpolicy=\"strict-origin-when-cross-origin\" allowfullscreen><\/iframe>\n<\/div><\/figure>\n\n\n\n<h2 class=\"wp-block-heading\">CURIQUINGUE NOTICIAS ESTELAR<\/h2>\n\n\n\n<p>\u00a1En vivo!<\/p>\n\n\n\n<p><a href=\"https:\/\/www.facebook.com\/hashtag\/curiquinguenoticiasemisi%C3%B3nestelar?__eep__=6&amp;__cft__[0]=AZUGBV-kAlDXme9gbW6yfhqfEzjsUyPx1ruy2ajnyl-B42IV0EB9hOS1_OX62NkN-x9VBSKxOj-ZvK769bgq9Wq5INE22PaFL8dVvmkVI8XwJ0iaDQr9A8AAu0m0kIBgUf2u_XXwTn5XUfd9MTKo6zPuT0b-Dl86J37ndHyIWpsHLe2AFXCzOQsv3npPyZTLGKaQRBWZ74MjuCfbOp8p2_ft&amp;__tn__=*NK-R\">#CuriquingueNoticiasEmisi\u00f3nEstelar<\/a><\/p>\n\n\n\n<p>\u00a1Siempre es importante estar bien informado! Noticias de relevancia generadas en este martes 31 de marzo de 2026, bajo la conducci\u00f3n de Karol Salguero.<\/p>\n\n\n\n<p><a><\/a>\u00a1Bienvenido!<\/p>\n\n\n\n<p>Le recordamos que puede seguir esta jornada informativa a trav\u00e9s de ATVCABLE canal 83 de lunes a viernes a las 19H00.<\/p>\n\n\n\n<p>\u00a1Gracias por sintonizarnos!<\/p>\n\n\n\n<p><a href=\"https:\/\/www.facebook.com\/hashtag\/curiquinguetv?__eep__=6&amp;__cft__[0]=AZUGBV-kAlDXme9gbW6yfhqfEzjsUyPx1ruy2ajnyl-B42IV0EB9hOS1_OX62NkN-x9VBSKxOj-ZvK769bgq9Wq5INE22PaFL8dVvmkVI8XwJ0iaDQr9A8AAu0m0kIBgUf2u_XXwTn5XUfd9MTKo6zPuT0b-Dl86J37ndHyIWpsHLe2AFXCzOQsv3npPyZTLGKaQRBWZ74MjuCfbOp8p2_ft&amp;__tn__=*NK-R\">#CuriquingueTv<\/a><\/p>\n\n\n\n<figure class=\"wp-block-embed is-type-video is-provider-youtube wp-block-embed-youtube wp-embed-aspect-16-9 wp-has-aspect-ratio\"><div class=\"wp-block-embed__wrapper\">\n<iframe loading=\"lazy\" title=\"#CuriquingueNoticias mi\u00e9rcoles 1 de abril de 2026.\" width=\"640\" height=\"360\" src=\"https:\/\/www.youtube.com\/embed\/1CWi33BWIVE?feature=oembed\" frameborder=\"0\" allow=\"accelerometer; autoplay; clipboard-write; encrypted-media; gyroscope; picture-in-picture; web-share\" referrerpolicy=\"strict-origin-when-cross-origin\" allowfullscreen><\/iframe>\n<\/div><\/figure>\n\n\n\n<p><a href=\"https:\/\/www.facebook.com\/hashtag\/unanuevaformadehacertelevisi%C3%B3n?__eep__=6&amp;__cft__[0]=AZUGBV-kAlDXme9gbW6yfhqfEzjsUyPx1ruy2ajnyl-B42IV0EB9hOS1_OX62NkN-x9VBSKxOj-ZvK769bgq9Wq5INE22PaFL8dVvmkVI8XwJ0iaDQr9A8AAu0m0kIBgUf2u_XXwTn5XUfd9MTKo6zPuT0b-Dl86J37ndHyIWpsHLe2AFXCzOQsv3npPyZTLGKaQRBWZ74MjuCfbOp8p2_ft&amp;__tn__=*NK-R\">#UnaNuevaFormaDeHacerTelevisi\u00f3n<\/a><\/p>\n\n\n\n<p>Curiquinguetvoficial@gmail.com<\/p>\n\n\n\n<h2 class=\"wp-block-heading\">CURIQUINGUE NOTICIAS<\/h2>\n\n\n\n<p>\u00a1En Vivo!<\/p>\n\n\n\n<p>#Curiquingue Noticias<\/p>\n\n\n\n<p>Iniciamos una nueva jornada informativa. Edison Chiluisa acompa\u00f1ando en esta ma\u00f1ana de este mi\u00e9rcoles 1 de abril de 2026.<\/p>\n\n\n\n<p>\u00a1Bienvenido!<\/p>\n\n\n\n<p>Le recordamos que puede seguir este noticiero a trav\u00e9s de ATV CABLE canal de lunes a viernes a las 07H30.<\/p>\n\n\n\n<p><a><\/a>\u00a1Gracias por sintonizarnos!<\/p>\n\n\n\n<p><a href=\"https:\/\/www.facebook.com\/hashtag\/curiquinguetv?__eep__=6&amp;__cft__[0]=AZUhUBfgZnNyebEmvC4movDw4Au_88mEjSsu4BYQxuGYrY_nI5lx153Yvb3LTDRjJVQHKYg_0fvqA2hFDBiySYqp0oX5JXAT3iCmsKSxFnfBEQN6yMGeQQUNZRFzLh2owK4CLVTG4li5y3iTvsEnHtIqJz8AGDaPfLw1M4x5IyILejFFzqxWmE7InrDtFHqKqsD4kMdLji5J-nFt9bj9Nyr3&amp;__tn__=*NK-R\">#CuriquingueTv<\/a><\/p>\n\n\n\n<p><a href=\"https:\/\/www.facebook.com\/hashtag\/unanuevaformadehacertelevisi%C3%B3n?__eep__=6&amp;__cft__[0]=AZUhUBfgZnNyebEmvC4movDw4Au_88mEjSsu4BYQxuGYrY_nI5lx153Yvb3LTDRjJVQHKYg_0fvqA2hFDBiySYqp0oX5JXAT3iCmsKSxFnfBEQN6yMGeQQUNZRFzLh2owK4CLVTG4li5y3iTvsEnHtIqJz8AGDaPfLw1M4x5IyILejFFzqxWmE7InrDtFHqKqsD4kMdLji5J-nFt9bj9Nyr3&amp;__tn__=*NK-R\">#UnaNuevaFormaDeHacerTelevisi\u00f3n<\/a><\/p>\n\n\n\n<p>PERSPECTIVA<\/p>\n\n\n\n<figure class=\"wp-block-embed is-type-video is-provider-youtube wp-block-embed-youtube wp-embed-aspect-16-9 wp-has-aspect-ratio\"><div class=\"wp-block-embed__wrapper\">\n<iframe loading=\"lazy\" title=\"\ud83c\udf99\ufe0f\u2728 #PERSPECTIVA |Andrea Endara\" width=\"640\" height=\"360\" src=\"https:\/\/www.youtube.com\/embed\/j3bQvWcDmKw?feature=oembed\" frameborder=\"0\" allow=\"accelerometer; autoplay; clipboard-write; encrypted-media; gyroscope; picture-in-picture; web-share\" referrerpolicy=\"strict-origin-when-cross-origin\" allowfullscreen><\/iframe>\n<\/div><\/figure>\n\n\n\n<p>EnVivo<\/p>\n\n\n\n<h1 class=\"wp-block-heading\">Opini\u00f3n<\/h1>\n\n\n\n<p>\ud83c\udf99\ufe0f\u2728 <a href=\"https:\/\/www.youtube.com\/hashtag\/perspectiva\">#PERSPECTIVA<\/a> | Voces que marcan la agenda Llega una nueva edici\u00f3n de <a href=\"https:\/\/www.youtube.com\/hashtag\/perspectiva\">#Perspectiva<\/a>, el programa de entrevistas donde conocer\u00e1s de cerca el perfil, la trayectoria y el pensamiento de invitados que influyen dentro y fuera de nuestra ciudad. \ud83d\udd0e Bajo la conducci\u00f3n de Juan Pablo Sansur, hoy conversamos con Andrea Endara Pol\u00edtologa, en un di\u00e1logo directo sobre la coyuntura actual y los temas que est\u00e1n marcando el debate nacional. \ud83d\udcfa Sigue esta jornada informativa a trav\u00e9s de: \u25aa\ufe0f ATVCABLE canal 83 \u25aa\ufe0f CV Visi\u00f3n canal 79 \u25aa\ufe0f TV Plus canal 48 Gracias por ser parte de nuestra audiencia \ud83d\ude4c <a href=\"https:\/\/www.youtube.com\/hashtag\/curiquinguetv\">#CuriquingueTv<\/a><a href=\"https:\/\/www.youtube.com\/hashtag\/unanuevaformadehacertelevisi%C3%B3n\">#UnaNuevaFormaDeHacerTelevisi\u00f3n<\/a><a href=\"https:\/\/www.youtube.com\/hashtag\/entrevistaexclusiva\">#EntrevistaExclusiva<\/a><a href=\"https:\/\/www.youtube.com\/hashtag\/actualidad\">#Actualidad<\/a><a href=\"https:\/\/www.youtube.com\/hashtag\/an%C3%A1lisispol%C3%ADtico\">#An\u00e1lisisPol\u00edtico<\/a><a href=\"https:\/\/www.youtube.com\/hashtag\/envivo\">#EnVivo<\/a><\/p>\n\n\n\n<h1 class=\"wp-block-heading\">CuriquingueTv<\/h1>\n\n\n\n<h1 class=\"wp-block-heading\">UnaNuevaFormaDeHacerTelevisi\u00f3n<\/h1>\n\n\n\n<p>\u00a1Gracias por sintonizarnos!<br>www.curiquinguetv.com<\/p>\n\n\n\n<p>Memorias y Cicatrices (M\u00daSICA)<\/p>\n\n\n\n<figure class=\"wp-block-embed is-type-video is-provider-youtube wp-block-embed-youtube wp-embed-aspect-16-9 wp-has-aspect-ratio\"><div class=\"wp-block-embed__wrapper\">\n<iframe loading=\"lazy\" title=\"\ud83d\udd34 #EnVivo | Memorias y Cicatrices \ud83c\udfb6\" width=\"640\" height=\"360\" src=\"https:\/\/www.youtube.com\/embed\/5SlCF5QDOZI?feature=oembed\" frameborder=\"0\" allow=\"accelerometer; autoplay; clipboard-write; encrypted-media; gyroscope; picture-in-picture; web-share\" referrerpolicy=\"strict-origin-when-cross-origin\" allowfullscreen><\/iframe>\n<\/div><\/figure>\n\n\n\n<p>\ud83d\udd34 #EnVivo | Memorias y Cicatrices \ud83c\udfb6<\/p>\n\n\n\n<p>Disfruta de la mejor m\u00fasica en Memorias y Cicatrices, el programa que revive canciones que marcaron \u00e9pocas y emociones. \ud83c\udfa7\ud83d\udcab<\/p>\n\n\n\n<p>\ud83d\udcfa Todos los domingos | 13h00<br>Por Curiquingue TV<\/p>\n\n\n\n<p>Un espacio para recordar, sentir y cantar esos temas que dejaron huella en el coraz\u00f3n. \u2764\ufe0f\ud83c\udfb5<\/p>\n\n\n\n<p>\ud83d\udcf2 Con\u00e9ctate, comenta y comparte\u2026<br>\u00bfQu\u00e9 canci\u00f3n te trae m\u00e1s recuerdos hoy? \ud83d\udc47<\/p>\n\n\n\n<p>MemoriasYCicatrices #EnVivo #CuriquingueTV #DomingoDeM\u00fasica #Latacunga<\/p>\n\n\n\n<p><a href=\"https:\/\/www.facebook.com\/hashtag\/curiquinguetv?__eep__=6&amp;__cft__[0]=AZWbLjcyjnGNrcAXc4LKSbRmLy5ZIef2fkT7uGSfW5qnMOjrMmW1KC4jikWFMEau_UNTcnJ7TtUzyAHU6X4bHL4qCXvqlSoXwpvCeeHg_pH8bjuveGVBSfqbdm3PUNCG_x4EGS5W3VPjWVOJO_fH_o37MVR9yOg0J-m3fbgZIeXH_11497K9EyUgjtewXzmvR8Q&amp;__tn__=*NK-R\">#CuriquingueTv<\/a><\/p>\n\n\n\n<p><a href=\"https:\/\/www.facebook.com\/hashtag\/unanuevaformadehacertelevisi%C3%B3n?__eep__=6&amp;__cft__[0]=AZWbLjcyjnGNrcAXc4LKSbRmLy5ZIef2fkT7uGSfW5qnMOjrMmW1KC4jikWFMEau_UNTcnJ7TtUzyAHU6X4bHL4qCXvqlSoXwpvCeeHg_pH8bjuveGVBSfqbdm3PUNCG_x4EGS5W3VPjWVOJO_fH_o37MVR9yOg0J-m3fbgZIeXH_11497K9EyUgjtewXzmvR8Q&amp;__tn__=*NK-R\">#UnaNuevaFormaDeHacerTelevisi\u00f3n<\/a><\/p>\n","protected":false},"excerpt":{"rendered":"<p>CuriquingueTV En VIVO \ud83d\udd34 UN DI\u00c1LOGO CON LA VERDAD #EnVivo #Opini\u00f3n UnDi\u00e1logoConLaVerdad En un #di\u00e1logo<\/p>\n","protected":false},"author":1,"featured_media":0,"parent":0,"menu_order":0,"comment_status":"closed","ping_status":"closed","template":"","meta":{"om_disable_all_campaigns":false,"_monsterinsights_skip_tracking":false,"_monsterinsights_sitenote_active":false,"_monsterinsights_sitenote_note":"","_monsterinsights_sitenote_category":0,"_uf_show_specific_survey":0,"_uf_disable_surveys":false,"footnotes":""},"class_list":["post-173","page","type-page","status-publish","hentry"],"aioseo_notices":[],"_links":{"self":[{"href":"https:\/\/curiquinguetv.com\/index.php?rest_route=\/wp\/v2\/pages\/173","targetHints":{"allow":["GET"]}}],"collection":[{"href":"https:\/\/curiquinguetv.com\/index.php?rest_route=\/wp\/v2\/pages"}],"about":[{"href":"https:\/\/curiquinguetv.com\/index.php?rest_route=\/wp\/v2\/types\/page"}],"author":[{"embeddable":true,"href":"https:\/\/curiquinguetv.com\/index.php?rest_route=\/wp\/v2\/users\/1"}],"replies":[{"embeddable":true,"href":"https:\/\/curiquinguetv.com\/index.php?rest_route=%2Fwp%2Fv2%2Fcomments&post=173"}],"version-history":[{"count":1279,"href":"https:\/\/curiquinguetv.com\/index.php?rest_route=\/wp\/v2\/pages\/173\/revisions"}],"predecessor-version":[{"id":8858,"href":"https:\/\/curiquinguetv.com\/index.php?rest_route=\/wp\/v2\/pages\/173\/revisions\/8858"}],"wp:attachment":[{"href":"https:\/\/curiquinguetv.com\/index.php?rest_route=%2Fwp%2Fv2%2Fmedia&parent=173"}],"curies":[{"name":"wp","href":"https:\/\/api.w.org\/{rel}","templated":true}]}}